{"id":438,"date":"2025-11-11T04:21:20","date_gmt":"2025-11-11T03:21:20","guid":{"rendered":"http:\/\/cri-info.cm\/?page_id=438"},"modified":"2025-11-11T04:24:09","modified_gmt":"2025-11-11T03:24:09","slug":"cri2025-program-committee","status":"publish","type":"page","link":"http:\/\/cri-info.cm\/?page_id=438","title":{"rendered":"CRI&#8217;2025 Program Committee"},"content":{"rendered":"\n<p><strong>Chairs<\/strong> : <\/p>\n\n\n\n<ul>\n<li>Ali Mili, New Jersey Institute of Technology, USA<\/li>\n\n\n\n<li>Blaise-Omer Yenke, University of Ngaoundere, Cameroon<\/li>\n<\/ul>\n\n\n\n<p><strong>Members<\/strong> :<\/p>\n\n\n\n<ul>\n<li>Ali Mili ; New Jersey Institute of Technology, USA<\/li>\n\n\n\n<li>Armel Fotsoh ; LIUPPA, France<\/li>\n\n\n\n<li>Bernab\u00e9 Batchakui ; University of Yaounde I, Cameroon<\/li>\n\n\n\n<li>Claude Tadonki ; Mines ParisTech \/ CRI &#8211; Centre de Recherche en Informatique, France<\/li>\n\n\n\n<li>Damien Nouvel ; InaLCO, France<\/li>\n\n\n\n<li>Djamil Aissani ; Research Unit LAMOS, University of Bejaia, Algeria<\/li>\n\n\n\n<li>Elodie Gauthier ; Orange Innovation, France<\/li>\n\n\n\n<li>Engelbert Mephu Nguifo ; University Clermont Auvergne, France<\/li>\n\n\n\n<li>Eric D\u00e9sir\u00e9 Kameni ; University of Yaounde I, Cameroon<\/li>\n\n\n\n<li>Etienne Ndamlabin ; Inria Rennes \u2013 Bretagne Atlantique, France<\/li>\n\n\n\n<li>Faiza Belala ; University Constantine 2, Algeria<\/li>\n\n\n\n<li>Gaiyun Liu ; Universit\u00e9 Le Havre Normandie, France<\/li>\n\n\n\n<li>Gayo Diallo ; University of Bordeaux, France<\/li>\n\n\n\n<li>Georges Edouard Kouamou ; University of Yaounde I, Cameroon<\/li>\n\n\n\n<li>Gerard Ekembe Ngondi ; Lero, the SFI Research Centre for Software, Ireland<\/li>\n\n\n\n<li>Ghislain Atemezing ; ERA, Spain<\/li>\n\n\n\n<li>Jerry Lonlac ; IMT Nord Europe, IMT, Univ. Lille, Center for Digital Systems, France<\/li>\n\n\n\n<li>Justin Moskola\u00ef Ngossaha ; University of Douala, Cameroon<\/li>\n\n\n\n<li>Kamel Barkaoui ; CNAM, France<\/li>\n\n\n\n<li>Kengne Tchendji Vianney ; University of Dchang, Cameroon<\/li>\n\n\n\n<li>Lauraine Tiogning ; University of Yaounde I, Cameroon<\/li>\n\n\n\n<li>Louis Fippo Fitime ; University of Yaounde I, Cameroon<\/li>\n\n\n\n<li>Lyse Naomi Wamba ; KU Leuven, Germany<\/li>\n\n\n\n<li>Malo Sadouanouan ; Universite Polytechnique de Bobo-Dioulasso, Burkina Faso<\/li>\n\n\n\n<li>Marcellin Nkenlifack ; University of Dchang, Cameroon<\/li>\n\n\n\n<li>Mathieu Roche ; CIRAD, TETIS, France<\/li>\n\n\n\n<li>Meriem Belguidoum ; University of Constantine 2, Algeria<\/li>\n\n\n\n<li>Minette Zongo Meyo ; University of Ngaoundere, Cameroon<\/li>\n\n\n\n<li>Mohamed Mosbah ; University of Bordeaux, France<\/li>\n\n\n\n<li>Norbert Tsopze ; University of Yaounde I, Cameroon<\/li>\n\n\n\n<li>Omer Nguena Timo ; Universit\u00e9 du Qu\u00e9bec en Outaouais, Canada<\/li>\n\n\n\n<li>Pambe Biatch Max Junior ; University of Maroua, Cameroon<\/li>\n\n\n\n<li>Patrice Bonhomme ; Universit\u00e9 Fran\u00e7ois Rabelais de Tours, France<\/li>\n\n\n\n<li>Paul Dayang ; University of Ngaoundere, Cameroon<\/li>\n\n\n\n<li>Paulin Melatagia Yonta ; University of Yaounde I, Cameroon<\/li>\n\n\n\n<li>Paulo Rodrigues ; Federal University of Bahia, Brazil<\/li>\n\n\n\n<li>Rene Ndoundam ; University of Yaounde I, Cameroon<\/li>\n\n\n\n<li>Riadh Robbana ; University of Carthage, Tuniisia<\/li>\n\n\n\n<li>Roberto Interdonato ; CIRAD, TETIS, France<\/li>\n\n\n\n<li>Rodrigue Domga Komguem ; University of Yaounde I, Cameroon<\/li>\n\n\n\n<li>Ryma Abassi ; SUPCOM, Tunisia<\/li>\n\n\n\n<li>Sarah Valentin ; CIRAD, TETIS, France<\/li>\n\n\n\n<li>Seydina Moussa Ndiaye ; Universit\u00e9 num\u00e9rique Cheikh Hamidou Kane, Senegal<\/li>\n\n\n\n<li>Sklab Youcef ; IRD, France<\/li>\n\n\n\n<li>Sylvain Iloga ; University of Maroua, Cameroon<\/li>\n\n\n\n<li>Tale Kalachi Herv\u00e9 ; University of Yaounde I, Cameroon<\/li>\n\n\n\n<li>Thomas Messi Ngu\u00e9l\u00e9 ; University of Yaounde I, Cameroon<\/li>\n\n\n\n<li>Tounwendyam Fr\u00e9d\u00e9ric Ouedraogo ; Universit\u00e9 Norbert ZONGO, Burkina Faso<\/li>\n\n\n\n<li>Valerio Schiavoni ; University of Neuch\u00e2tel, Switzerland<\/li>\n\n\n\n<li>Wansouwe Wanbitching ; ISSEA, Cameroon<\/li>\n\n\n\n<li>Yenke Blaise Omer ; University of Ngaoundere, Cameroon<\/li>\n<\/ul>\n","protected":false},"excerpt":{"rendered":"<p>Chairs : Members :<\/p>\n","protected":false},"author":1,"featured_media":0,"parent":0,"menu_order":0,"comment_status":"closed","ping_status":"closed","template":"","meta":[],"_links":{"self":[{"href":"http:\/\/cri-info.cm\/index.php?rest_route=\/wp\/v2\/pages\/438"}],"collection":[{"href":"http:\/\/cri-info.cm\/index.php?rest_route=\/wp\/v2\/pages"}],"about":[{"href":"http:\/\/cri-info.cm\/index.php?rest_route=\/wp\/v2\/types\/page"}],"author":[{"embeddable":true,"href":"http:\/\/cri-info.cm\/index.php?rest_route=\/wp\/v2\/users\/1"}],"replies":[{"embeddable":true,"href":"http:\/\/cri-info.cm\/index.php?rest_route=%2Fwp%2Fv2%2Fcomments&post=438"}],"version-history":[{"count":2,"href":"http:\/\/cri-info.cm\/index.php?rest_route=\/wp\/v2\/pages\/438\/revisions"}],"predecessor-version":[{"id":444,"href":"http:\/\/cri-info.cm\/index.php?rest_route=\/wp\/v2\/pages\/438\/revisions\/444"}],"wp:attachment":[{"href":"http:\/\/cri-info.cm\/index.php?rest_route=%2Fwp%2Fv2%2Fmedia&parent=438"}],"curies":[{"name":"wp","href":"https:\/\/api.w.org\/{rel}","templated":true}]}}